{"id":16787,"date":"2020-09-11T16:00:59","date_gmt":"2020-09-11T14:00:59","guid":{"rendered":"https:\/\/videli2020.videli.fr\/?page_id=16787"},"modified":"2020-11-20T23:27:48","modified_gmt":"2020-11-20T22:27:48","slug":"contact-videli","status":"publish","type":"page","link":"https:\/\/lform.fr\/creation\/?page_id=16787","title":{"rendered":"Contact"},"content":{"rendered":"<p>[vc_row css_animation=\u00a0\u00bb\u00a0\u00bb row_type=\u00a0\u00bbrow\u00a0\u00bb use_row_as_full_screen_section=\u00a0\u00bbno\u00a0\u00bb type=\u00a0\u00bbfull_width\u00a0\u00bb angled_section=\u00a0\u00bbno\u00a0\u00bb text_align=\u00a0\u00bbleft\u00a0\u00bb background_image_as_pattern=\u00a0\u00bbwithout_pattern\u00a0\u00bb][vc_column][vc_raw_html]JTNDYSUyMGhyZWYlM0QlMjJodHRwcyUzQSUyRiUyRnZpZGVsaTIwMjAudmlkZWxpLmZyJTJGYWxidW0lMkYlMjIlM0U=[\/vc_raw_html]<div class='q_icon_with_title tiny normal_icon center '><div class=\"icon_holder \" style=\" \"><span data-icon-type=\"normal\"   style=\"\" class=\"qode_iwt_icon_holder q_font_awsome_icon fa-lg  \"><i class=\"qode_icon_font_awesome fa  qode_iwt_icon_element\" style=\"\" ><\/i><\/span><\/div><div class=\"icon_text_holder\" style=\"\"><div class=\"icon_text_inner\" style=\"\"><h5 class=\"icon_title\" style=\"\"><\/h5><p style=''><\/p><\/div><\/div><\/div>[vc_raw_html]JTNDJTJGYSUzRQ==[\/vc_raw_html][\/vc_column][\/vc_row][vc_row css_animation=\u00a0\u00bb\u00a0\u00bb row_type=\u00a0\u00bbrow\u00a0\u00bb use_row_as_full_screen_section=\u00a0\u00bbno\u00a0\u00bb type=\u00a0\u00bbfull_width\u00a0\u00bb angled_section=\u00a0\u00bbno\u00a0\u00bb text_align=\u00a0\u00bbleft\u00a0\u00bb background_image_as_pattern=\u00a0\u00bbwithout_pattern\u00a0\u00bb z_index=\u00a0\u00bb\u00a0\u00bb padding_top=\u00a0\u00bb87&Prime; padding_bottom=\u00a0\u00bb95&Prime;][vc_column][vc_column_text]<\/p>\n<h3>Vid\u00e9li DITTMAR<\/h3>\n<p>[\/vc_column_text][vc_separator type=\u00a0\u00bbtransparent\u00a0\u00bb up=\u00a0\u00bb6&Prime; down=\u00a0\u00bb6&Prime;][vc_column_text]Lieu dit Lavizat<\/p>\n<p>11410 St Michel de Lan\u00e8s<\/p>\n<p>France<\/p>\n<p>T\u00e9l\u00e9phone: +88 (0) 4 68 60 37 28<\/p>\n<p>Mobile: +88 (0) 6 50 66 19 17[\/vc_column_text][vc_separator type=\u00a0\u00bbtransparent\u00a0\u00bb up=\u00a0\u00bb6&Prime; down=\u00a0\u00bb6&Prime;]<span class='q_social_icon_holder normal_social' ><a itemprop='url' href='https:\/\/www.facebook.com\/dittmar.videli' target='_blank'><i class=\"qode_icon_font_awesome fa fa-facebook fa-lg simple_social\" style=\"margin: 0 13px 0 0;\" ><\/i><\/a><\/span><span class='q_social_icon_holder normal_social' ><a itemprop='url' href='https:\/\/www.instagram.com\/videlidittmar\/' target='_blank'><i class=\"qode_icon_font_awesome fa fa-instagram fa-lg simple_social\" style=\"margin: 0 13px 0 0;\" ><\/i><\/a><\/span><span class='q_social_icon_holder normal_social' ><a itemprop='url' href='https:\/\/www.pinterest.fr\/vidli\/' target='_blank'><i class=\"qode_icon_font_awesome fa fa-pinterest fa-lg simple_social\" style=\"margin: 0 13px 0 0;\" ><\/i><\/a><\/span>[\/vc_column][\/vc_row]<\/p>\n","protected":false},"excerpt":{"rendered":"<p>[vc_row css_animation=\u00a0\u00bb\u00a0\u00bb row_type=\u00a0\u00bbrow\u00a0\u00bb use_row_as_full_screen_section=\u00a0\u00bbno\u00a0\u00bb type=\u00a0\u00bbfull_width\u00a0\u00bb angled_section=\u00a0\u00bbno\u00a0\u00bb text_align=\u00a0\u00bbleft\u00a0\u00bb background_image_as_pattern=\u00a0\u00bbwithout_pattern\u00a0\u00bb][vc_column][vc_raw_html]JTNDYSUyMGhyZWYlM0QlMjJodHRwcyUzQSUyRiUyRnZpZGVsaTIwMjAudmlkZWxpLmZyJTJGYWxidW0lMkYlMjIlM0U=[\/vc_raw_html][vc_raw_html]JTNDJTJGYSUzRQ==[\/vc_raw_html][\/vc_column][\/vc_row][vc_row css_animation=\u00a0\u00bb\u00a0\u00bb row_type=\u00a0\u00bbrow\u00a0\u00bb use_row_as_full_screen_section=\u00a0\u00bbno\u00a0\u00bb type=\u00a0\u00bbfull_width\u00a0\u00bb angled_section=\u00a0\u00bbno\u00a0\u00bb text_align=\u00a0\u00bbleft\u00a0\u00bb background_image_as_pattern=\u00a0\u00bbwithout_pattern\u00a0\u00bb z_index=\u00a0\u00bb\u00a0\u00bb padding_top=\u00a0\u00bb87&Prime; padding_bottom=\u00a0\u00bb95&Prime;][vc_column][vc_column_text] Vid\u00e9li DITTMAR [\/vc_column_text][vc_separator type=\u00a0\u00bbtransparent\u00a0\u00bb up=\u00a0\u00bb6&Prime; down=\u00a0\u00bb6&Prime;][vc_column_text]Lieu dit Lavizat 11410 St Michel de Lan\u00e8s France T\u00e9l\u00e9phone: +88 (0) 4 68 60 37 28 Mobile: +88 (0) 6 50&#8230;<\/p>\n","protected":false},"author":2,"featured_media":0,"parent":0,"menu_order":0,"comment_status":"open","ping_status":"closed","template":"contact-page.php","meta":[],"yoast_head":"<!-- This site is optimized with the Yoast SEO plugin v20.5 - https:\/\/yoast.com\/wordpress\/plugins\/seo\/ -->\n<title>Contact - videli<\/title>\n<meta name=\"robots\" content=\"index, follow, max-snippet:-1, max-image-preview:large, max-video-preview:-1\" \/>\n<link rel=\"canonical\" href=\"https:\/\/lform.fr\/creation\/?page_id=16787\" \/>\n<meta property=\"og:locale\" content=\"fr_FR\" \/>\n<meta property=\"og:type\" content=\"article\" \/>\n<meta property=\"og:title\" content=\"Contact - videli\" \/>\n<meta property=\"og:description\" content=\"[vc_row css_animation=\u00a0\u00bb\u00a0\u00bb row_type=\u00a0\u00bbrow\u00a0\u00bb use_row_as_full_screen_section=\u00a0\u00bbno\u00a0\u00bb type=\u00a0\u00bbfull_width\u00a0\u00bb angled_section=\u00a0\u00bbno\u00a0\u00bb text_align=\u00a0\u00bbleft\u00a0\u00bb background_image_as_pattern=\u00a0\u00bbwithout_pattern\u00a0\u00bb][vc_column][vc_raw_html]JTNDYSUyMGhyZWYlM0QlMjJodHRwcyUzQSUyRiUyRnZpZGVsaTIwMjAudmlkZWxpLmZyJTJGYWxidW0lMkYlMjIlM0U=[\/vc_raw_html][vc_raw_html]JTNDJTJGYSUzRQ==[\/vc_raw_html][\/vc_column][\/vc_row][vc_row css_animation=\u00a0\u00bb\u00a0\u00bb row_type=\u00a0\u00bbrow\u00a0\u00bb use_row_as_full_screen_section=\u00a0\u00bbno\u00a0\u00bb type=\u00a0\u00bbfull_width\u00a0\u00bb angled_section=\u00a0\u00bbno\u00a0\u00bb text_align=\u00a0\u00bbleft\u00a0\u00bb background_image_as_pattern=\u00a0\u00bbwithout_pattern\u00a0\u00bb z_index=\u00a0\u00bb\u00a0\u00bb padding_top=\u00a0\u00bb87&Prime; padding_bottom=\u00a0\u00bb95&Prime;][vc_column][vc_column_text] Vid\u00e9li DITTMAR [\/vc_column_text][vc_separator type=\u00a0\u00bbtransparent\u00a0\u00bb up=\u00a0\u00bb6&Prime; down=\u00a0\u00bb6&Prime;][vc_column_text]Lieu dit Lavizat 11410 St Michel de Lan\u00e8s France T\u00e9l\u00e9phone: +88 (0) 4 68 60 37 28 Mobile: +88 (0) 6 50...\" \/>\n<meta property=\"og:url\" content=\"https:\/\/lform.fr\/creation\/?page_id=16787\" \/>\n<meta property=\"og:site_name\" content=\"videli\" \/>\n<meta property=\"article:modified_time\" content=\"2020-11-20T22:27:48+00:00\" \/>\n<meta name=\"twitter:card\" content=\"summary_large_image\" \/>\n<meta name=\"twitter:label1\" content=\"Dur\u00e9e de lecture estim\u00e9e\" \/>\n\t<meta name=\"twitter:data1\" content=\"1 minute\" \/>\n<script type=\"application\/ld+json\" class=\"yoast-schema-graph\">{\"@context\":\"https:\/\/schema.org\",\"@graph\":[{\"@type\":\"WebPage\",\"@id\":\"https:\/\/lform.fr\/creation\/?page_id=16787\",\"url\":\"https:\/\/lform.fr\/creation\/?page_id=16787\",\"name\":\"Contact - videli\",\"isPartOf\":{\"@id\":\"https:\/\/lform.fr\/creation\/#website\"},\"datePublished\":\"2020-09-11T14:00:59+00:00\",\"dateModified\":\"2020-11-20T22:27:48+00:00\",\"breadcrumb\":{\"@id\":\"https:\/\/lform.fr\/creation\/?page_id=16787#breadcrumb\"},\"inLanguage\":\"fr-FR\",\"potentialAction\":[{\"@type\":\"ReadAction\",\"target\":[\"https:\/\/lform.fr\/creation\/?page_id=16787\"]}]},{\"@type\":\"BreadcrumbList\",\"@id\":\"https:\/\/lform.fr\/creation\/?page_id=16787#breadcrumb\",\"itemListElement\":[{\"@type\":\"ListItem\",\"position\":1,\"name\":\"Accueil\",\"item\":\"https:\/\/lform.fr\/creation\/\"},{\"@type\":\"ListItem\",\"position\":2,\"name\":\"Contact\"}]},{\"@type\":\"WebSite\",\"@id\":\"https:\/\/lform.fr\/creation\/#website\",\"url\":\"https:\/\/lform.fr\/creation\/\",\"name\":\"videli\",\"description\":\"Sculpteur &amp; Designer\",\"potentialAction\":[{\"@type\":\"SearchAction\",\"target\":{\"@type\":\"EntryPoint\",\"urlTemplate\":\"https:\/\/lform.fr\/creation\/?s={search_term_string}\"},\"query-input\":\"required name=search_term_string\"}],\"inLanguage\":\"fr-FR\"}]}<\/script>\n<!-- \/ Yoast SEO plugin. -->","yoast_head_json":{"title":"Contact - videli","robots":{"index":"index","follow":"follow","max-snippet":"max-snippet:-1","max-image-preview":"max-image-preview:large","max-video-preview":"max-video-preview:-1"},"canonical":"https:\/\/lform.fr\/creation\/?page_id=16787","og_locale":"fr_FR","og_type":"article","og_title":"Contact - videli","og_description":"[vc_row css_animation=\u00a0\u00bb\u00a0\u00bb row_type=\u00a0\u00bbrow\u00a0\u00bb use_row_as_full_screen_section=\u00a0\u00bbno\u00a0\u00bb type=\u00a0\u00bbfull_width\u00a0\u00bb angled_section=\u00a0\u00bbno\u00a0\u00bb text_align=\u00a0\u00bbleft\u00a0\u00bb background_image_as_pattern=\u00a0\u00bbwithout_pattern\u00a0\u00bb][vc_column][vc_raw_html]JTNDYSUyMGhyZWYlM0QlMjJodHRwcyUzQSUyRiUyRnZpZGVsaTIwMjAudmlkZWxpLmZyJTJGYWxidW0lMkYlMjIlM0U=[\/vc_raw_html][vc_raw_html]JTNDJTJGYSUzRQ==[\/vc_raw_html][\/vc_column][\/vc_row][vc_row css_animation=\u00a0\u00bb\u00a0\u00bb row_type=\u00a0\u00bbrow\u00a0\u00bb use_row_as_full_screen_section=\u00a0\u00bbno\u00a0\u00bb type=\u00a0\u00bbfull_width\u00a0\u00bb angled_section=\u00a0\u00bbno\u00a0\u00bb text_align=\u00a0\u00bbleft\u00a0\u00bb background_image_as_pattern=\u00a0\u00bbwithout_pattern\u00a0\u00bb z_index=\u00a0\u00bb\u00a0\u00bb padding_top=\u00a0\u00bb87&Prime; padding_bottom=\u00a0\u00bb95&Prime;][vc_column][vc_column_text] Vid\u00e9li DITTMAR [\/vc_column_text][vc_separator type=\u00a0\u00bbtransparent\u00a0\u00bb up=\u00a0\u00bb6&Prime; down=\u00a0\u00bb6&Prime;][vc_column_text]Lieu dit Lavizat 11410 St Michel de Lan\u00e8s France T\u00e9l\u00e9phone: +88 (0) 4 68 60 37 28 Mobile: +88 (0) 6 50...","og_url":"https:\/\/lform.fr\/creation\/?page_id=16787","og_site_name":"videli","article_modified_time":"2020-11-20T22:27:48+00:00","twitter_card":"summary_large_image","twitter_misc":{"Dur\u00e9e de lecture estim\u00e9e":"1 minute"},"schema":{"@context":"https:\/\/schema.org","@graph":[{"@type":"WebPage","@id":"https:\/\/lform.fr\/creation\/?page_id=16787","url":"https:\/\/lform.fr\/creation\/?page_id=16787","name":"Contact - videli","isPartOf":{"@id":"https:\/\/lform.fr\/creation\/#website"},"datePublished":"2020-09-11T14:00:59+00:00","dateModified":"2020-11-20T22:27:48+00:00","breadcrumb":{"@id":"https:\/\/lform.fr\/creation\/?page_id=16787#breadcrumb"},"inLanguage":"fr-FR","potentialAction":[{"@type":"ReadAction","target":["https:\/\/lform.fr\/creation\/?page_id=16787"]}]},{"@type":"BreadcrumbList","@id":"https:\/\/lform.fr\/creation\/?page_id=16787#breadcrumb","itemListElement":[{"@type":"ListItem","position":1,"name":"Accueil","item":"https:\/\/lform.fr\/creation\/"},{"@type":"ListItem","position":2,"name":"Contact"}]},{"@type":"WebSite","@id":"https:\/\/lform.fr\/creation\/#website","url":"https:\/\/lform.fr\/creation\/","name":"videli","description":"Sculpteur &amp; Designer","potentialAction":[{"@type":"SearchAction","target":{"@type":"EntryPoint","urlTemplate":"https:\/\/lform.fr\/creation\/?s={search_term_string}"},"query-input":"required name=search_term_string"}],"inLanguage":"fr-FR"}]}},"_links":{"self":[{"href":"https:\/\/lform.fr\/creation\/index.php?rest_route=\/wp\/v2\/pages\/16787"}],"collection":[{"href":"https:\/\/lform.fr\/creation\/index.php?rest_route=\/wp\/v2\/pages"}],"about":[{"href":"https:\/\/lform.fr\/creation\/index.php?rest_route=\/wp\/v2\/types\/page"}],"author":[{"embeddable":true,"href":"https:\/\/lform.fr\/creation\/index.php?rest_route=\/wp\/v2\/users\/2"}],"replies":[{"embeddable":true,"href":"https:\/\/lform.fr\/creation\/index.php?rest_route=%2Fwp%2Fv2%2Fcomments&post=16787"}],"version-history":[{"count":7,"href":"https:\/\/lform.fr\/creation\/index.php?rest_route=\/wp\/v2\/pages\/16787\/revisions"}],"predecessor-version":[{"id":17569,"href":"https:\/\/lform.fr\/creation\/index.php?rest_route=\/wp\/v2\/pages\/16787\/revisions\/17569"}],"wp:attachment":[{"href":"https:\/\/lform.fr\/creation\/index.php?rest_route=%2Fwp%2Fv2%2Fmedia&parent=16787"}],"curies":[{"name":"wp","href":"https:\/\/api.w.org\/{rel}","templated":true}]}}